{"id":41,"date":"2024-06-24T08:02:40","date_gmt":"2024-06-24T08:02:40","guid":{"rendered":"https:\/\/mimosaflour.com\/?page_id=41"},"modified":"2024-11-08T09:14:38","modified_gmt":"2024-11-08T09:14:38","slug":"a-propos","status":"publish","type":"page","link":"https:\/\/mimosaflour.com\/index.php\/a-propos\/","title":{"rendered":"A PROPOS"},"content":{"rendered":"\t\t<div data-elementor-type=\"wp-page\" data-elementor-id=\"41\" class=\"elementor elementor-41\">\n\t\t\t\t<div class=\"elementor-element elementor-element-4b5b38b elementor-hidden-mobile e-flex e-con-boxed e-con e-parent\" data-id=\"4b5b38b\" data-element_type=\"container\" data-settings=\"{&quot;background_background&quot;:&quot;classic&quot;,&quot;shape_divider_top&quot;:&quot;mountains&quot;,&quot;shape_divider_bottom&quot;:&quot;opacity-tilt&quot;}\">\n\t\t\t\t\t<div class=\"e-con-inner\">\n\t\t\t\t<div class=\"elementor-shape elementor-shape-top\" data-negative=\"false\">\n\t\t\t<svg xmlns=\"http:\/\/www.w3.org\/2000\/svg\" viewBox=\"0 0 1000 100\" preserveAspectRatio=\"none\">\n\t<path class=\"elementor-shape-fill\" opacity=\"0.33\" d=\"M473,67.3c-203.9,88.3-263.1-34-320.3,0C66,119.1,0,59.7,0,59.7V0h1000v59.7 c0,0-62.1,26.1-94.9,29.3c-32.8,3.3-62.8-12.3-75.8-22.1C806,49.6,745.3,8.7,694.9,4.7S492.4,59,473,67.3z\"\/>\n\t<path class=\"elementor-shape-fill\" opacity=\"0.66\" d=\"M734,67.3c-45.5,0-77.2-23.2-129.1-39.1c-28.6-8.7-150.3-10.1-254,39.1 s-91.7-34.4-149.2,0C115.7,118.3,0,39.8,0,39.8V0h1000v36.5c0,0-28.2-18.5-92.1-18.5C810.2,18.1,775.7,67.3,734,67.3z\"\/>\n\t<path class=\"elementor-shape-fill\" d=\"M766.1,28.9c-200-57.5-266,65.5-395.1,19.5C242,1.8,242,5.4,184.8,20.6C128,35.8,132.3,44.9,89.9,52.5C28.6,63.7,0,0,0,0 h1000c0,0-9.9,40.9-83.6,48.1S829.6,47,766.1,28.9z\"\/>\n<\/svg>\t\t<\/div>\n\t\t\t\t<div class=\"elementor-shape elementor-shape-bottom\" data-negative=\"false\">\n\t\t\t<svg xmlns=\"http:\/\/www.w3.org\/2000\/svg\" viewBox=\"0 0 2600 131.1\" preserveAspectRatio=\"none\">\n\t<path class=\"elementor-shape-fill\" d=\"M0 0L2600 0 2600 69.1 0 0z\"\/>\n\t<path class=\"elementor-shape-fill\" style=\"opacity:0.5\" d=\"M0 0L2600 0 2600 69.1 0 69.1z\"\/>\n\t<path class=\"elementor-shape-fill\" style=\"opacity:0.25\" d=\"M2600 0L0 0 0 130.1 2600 69.1z\"\/>\n<\/svg>\t\t<\/div>\n\t\t\t\t\t<\/div>\n\t\t\t\t<\/div>\n\t\t<div class=\"elementor-element elementor-element-c6e0531 e-flex e-con-boxed e-con e-parent\" data-id=\"c6e0531\" data-element_type=\"container\">\n\t\t\t\t\t<div class=\"e-con-inner\">\n\t\t\t\t<div class=\"elementor-element elementor-element-294cdd6 elementor-widget elementor-widget-heading\" data-id=\"294cdd6\" data-element_type=\"widget\" data-widget_type=\"heading.default\">\n\t\t\t\t<div class=\"elementor-widget-container\">\n\t\t\t<h2 class=\"elementor-heading-title elementor-size-default\">HISTORIQUE<\/h2>\t\t<\/div>\n\t\t\t\t<\/div>\n\t\t\t\t\t<\/div>\n\t\t\t\t<\/div>\n\t\t<div class=\"elementor-element elementor-element-1b76d78 e-flex e-con-boxed e-con e-parent\" data-id=\"1b76d78\" data-element_type=\"container\">\n\t\t\t\t\t<div class=\"e-con-inner\">\n\t\t<div class=\"elementor-element elementor-element-0f8f79d e-con-full e-flex e-con e-child\" data-id=\"0f8f79d\" data-element_type=\"container\">\n\t\t\t\t<div class=\"elementor-element elementor-element-04bcdf3 elementor-widget elementor-widget-image\" data-id=\"04bcdf3\" data-element_type=\"widget\" data-widget_type=\"image.default\">\n\t\t\t\t<div class=\"elementor-widget-container\">\n\t\t\t\t\t\t\t\t\t\t\t\t\t<img fetchpriority=\"high\" decoding=\"async\" width=\"600\" height=\"450\" src=\"https:\/\/mimosaflour.com\/wp-content\/uploads\/2024\/06\/hi-600x450-1.png\" class=\"attachment-large size-large wp-image-169\" alt=\"\" srcset=\"https:\/\/mimosaflour.com\/wp-content\/uploads\/2024\/06\/hi-600x450-1.png 600w, https:\/\/mimosaflour.com\/wp-content\/uploads\/2024\/06\/hi-600x450-1-300x225.png 300w\" sizes=\"(max-width: 600px) 100vw, 600px\" \/>\t\t\t\t\t\t\t\t\t\t\t\t\t<\/div>\n\t\t\t\t<\/div>\n\t\t\t\t<\/div>\n\t\t<div class=\"elementor-element elementor-element-b4aecb4 e-con-full e-flex e-con e-child\" data-id=\"b4aecb4\" data-element_type=\"container\">\n\t\t\t\t<div class=\"elementor-element elementor-element-144b140 elementor-widget elementor-widget-heading\" data-id=\"144b140\" data-element_type=\"widget\" data-widget_type=\"heading.default\">\n\t\t\t\t<div class=\"elementor-widget-container\">\n\t\t\t<span class=\"elementor-heading-title elementor-size-default\">Depuis sa cr\u00e9ation en Mai 2019, par le visionnaire TSHOUONGANG Elie Saker, MIMOSA est guid\u00e9e par l\u2019excellence boulang\u00e8re et la volont\u00e9 de fabriquer des farines de qualit\u00e9s adapt\u00e9es aux traditions alimentaires locales. Depuis lors, elle a su cultiver sans rel\u00e2che son amour pour le bon, le beau, le sain, tout en restant actrice des fili\u00e8res agricoles vertueuses, pour les hommes et l\u2019environnement. Quotidiennement, nous allions innovation, savoir-faire et l'\u00e9thique.<\/span>\t\t<\/div>\n\t\t\t\t<\/div>\n\t\t\t\t<\/div>\n\t\t\t\t\t<\/div>\n\t\t\t\t<\/div>\n\t\t<div class=\"elementor-element elementor-element-03f4507 e-flex e-con-boxed e-con e-parent\" data-id=\"03f4507\" data-element_type=\"container\">\n\t\t\t\t\t<div class=\"e-con-inner\">\n\t\t\t\t\t<\/div>\n\t\t\t\t<\/div>\n\t\t<div class=\"elementor-element elementor-element-955d46f e-flex e-con-boxed e-con e-parent\" data-id=\"955d46f\" data-element_type=\"container\" data-settings=\"{&quot;background_background&quot;:&quot;classic&quot;}\">\n\t\t\t\t\t<div class=\"e-con-inner\">\n\t\t<div class=\"elementor-element elementor-element-7917f9e e-con-full e-flex e-con e-child\" data-id=\"7917f9e\" data-element_type=\"container\" data-settings=\"{&quot;background_background&quot;:&quot;classic&quot;}\">\n\t\t\t\t<div class=\"elementor-element elementor-element-4140f5b elementor-widget elementor-widget-heading\" data-id=\"4140f5b\" data-element_type=\"widget\" data-widget_type=\"heading.default\">\n\t\t\t\t<div class=\"elementor-widget-container\">\n\t\t\t<h2 class=\"elementor-heading-title elementor-size-default\">LOCALISATION<\/h2>\t\t<\/div>\n\t\t\t\t<\/div>\n\t\t\t\t<\/div>\n\t\t\t\t\t<\/div>\n\t\t\t\t<\/div>\n\t\t<div class=\"elementor-element elementor-element-8ec46f7 e-flex e-con-boxed e-con e-parent\" data-id=\"8ec46f7\" data-element_type=\"container\" data-settings=\"{&quot;background_background&quot;:&quot;classic&quot;}\">\n\t\t\t\t\t<div class=\"e-con-inner\">\n\t\t<div class=\"elementor-element elementor-element-373370b e-con-full e-flex e-con e-child\" data-id=\"373370b\" data-element_type=\"container\">\n\t\t\t\t<div class=\"elementor-element elementor-element-f6906c7 elementor-widget elementor-widget-heading\" data-id=\"f6906c7\" data-element_type=\"widget\" data-widget_type=\"heading.default\">\n\t\t\t\t<div class=\"elementor-widget-container\">\n\t\t\t<h2 class=\"elementor-heading-title elementor-size-default\">La MIMOSA est situ\u00e9e \u00e0 l'int\u00e9rieur du port autonome de Douala, sa position g\u00e9ographique tr\u00e8s privil\u00e9gi\u00e9e et strat\u00e9gique sur le bord du fleuve WOURI (Douala, Littoral) lui permet d\u2019effectuer des exp\u00e9ditions, des r\u00e9ceptions de mati\u00e8res premi\u00e8res et de produits finis par voie maritime ou bien terrestre (train ou camions) directement \u00e0 partir du moulin. Elle est b\u00e2tie sur une superficie de 40 000 m2 (zone Essengue) et jouie d\u2019une position de choix dans l\u2019univers des minoteries au Cameroun. Le bl\u00e9 arrive au moulin le plus souvent en camion, et est d\u00e9vers\u00e9 directement de la benne dans la fosse \u00e0 bl\u00e9 apr\u00e8s avoir \u00e9t\u00e9 pes\u00e9 sur le pont bascule ; Il est ensuite achemin\u00e9 vers les silos de stockage \u00e0 l\u2019aide des transporteurs \u00e0 cha\u00eenes et d\u2019un \u00e9l\u00e9vateur.<\/h2>\t\t<\/div>\n\t\t\t\t<\/div>\n\t\t\t\t<\/div>\n\t\t<div class=\"elementor-element elementor-element-b920c40 e-con-full e-flex e-con e-child\" data-id=\"b920c40\" data-element_type=\"container\">\n\t\t\t\t<div class=\"elementor-element elementor-element-c3387df elementor-widget elementor-widget-image\" data-id=\"c3387df\" data-element_type=\"widget\" data-widget_type=\"image.default\">\n\t\t\t\t<div class=\"elementor-widget-container\">\n\t\t\t\t\t\t\t\t\t\t\t\t\t<img decoding=\"async\" width=\"600\" height=\"600\" src=\"https:\/\/mimosaflour.com\/wp-content\/uploads\/2024\/06\/IMG-20231121-WA0015-600x600-1.jpg\" class=\"attachment-large size-large wp-image-170\" alt=\"\" srcset=\"https:\/\/mimosaflour.com\/wp-content\/uploads\/2024\/06\/IMG-20231121-WA0015-600x600-1.jpg 600w, https:\/\/mimosaflour.com\/wp-content\/uploads\/2024\/06\/IMG-20231121-WA0015-600x600-1-300x300.jpg 300w, https:\/\/mimosaflour.com\/wp-content\/uploads\/2024\/06\/IMG-20231121-WA0015-600x600-1-150x150.jpg 150w\" sizes=\"(max-width: 600px) 100vw, 600px\" \/>\t\t\t\t\t\t\t\t\t\t\t\t\t<\/div>\n\t\t\t\t<\/div>\n\t\t\t\t<\/div>\n\t\t\t\t\t<\/div>\n\t\t\t\t<\/div>\n\t\t<div class=\"elementor-element elementor-element-5c87f1b e-flex e-con-boxed e-con e-parent\" data-id=\"5c87f1b\" data-element_type=\"container\">\n\t\t\t\t\t<div class=\"e-con-inner\">\n\t\t\t\t<div class=\"elementor-element elementor-element-7cdab4e elementor-widget elementor-widget-google_maps\" data-id=\"7cdab4e\" data-element_type=\"widget\" data-widget_type=\"google_maps.default\">\n\t\t\t\t<div class=\"elementor-widget-container\">\n\t\t\t\t\t<div class=\"elementor-custom-embed\">\n\t\t\t<iframe loading=\"lazy\"\n\t\t\t\t\tsrc=\"https:\/\/maps.google.com\/maps?q=2M7H%2B28%20Douala%2C%20Cameroon%E2%80%8B&#038;t=m&#038;z=10&#038;output=embed&#038;iwloc=near\"\n\t\t\t\t\ttitle=\"2M7H+28 Douala, Cameroon\u200b\"\n\t\t\t\t\taria-label=\"2M7H+28 Douala, Cameroon\u200b\"\n\t\t\t><\/iframe>\n\t\t<\/div>\n\t\t\t\t<\/div>\n\t\t\t\t<\/div>\n\t\t\t\t\t<\/div>\n\t\t\t\t<\/div>\n\t\t<div class=\"elementor-element elementor-element-fab12cc e-flex e-con-boxed e-con e-parent\" data-id=\"fab12cc\" data-element_type=\"container\" data-settings=\"{&quot;background_background&quot;:&quot;classic&quot;}\">\n\t\t\t\t\t<div class=\"e-con-inner\">\n\t\t\t\t<div class=\"elementor-element elementor-element-337c415 elementor-hidden-mobile elementor-widget elementor-widget-heading\" data-id=\"337c415\" data-element_type=\"widget\" data-widget_type=\"heading.default\">\n\t\t\t\t<div class=\"elementor-widget-container\">\n\t\t\t<h2 class=\"elementor-heading-title elementor-size-default\">MINOTERIE MODERNE SAKER<\/h2>\t\t<\/div>\n\t\t\t\t<\/div>\n\t\t\t\t<div class=\"elementor-element elementor-element-fd406a1 elementor-widget elementor-widget-heading\" data-id=\"fd406a1\" data-element_type=\"widget\" data-widget_type=\"heading.default\">\n\t\t\t\t<div class=\"elementor-widget-container\">\n\t\t\t<h2 class=\"elementor-heading-title elementor-size-default\">DEVENIR CLIENT OU PARTENAIRE?<\/h2>\t\t<\/div>\n\t\t\t\t<\/div>\n\t\t\t\t<div class=\"elementor-element elementor-element-97e68cb elementor-align-center elementor-widget elementor-widget-button\" data-id=\"97e68cb\" data-element_type=\"widget\" data-widget_type=\"button.default\">\n\t\t\t\t<div class=\"elementor-widget-container\">\n\t\t\t\t\t<div class=\"elementor-button-wrapper\">\n\t\t\t<a class=\"elementor-button elementor-button-link elementor-size-sm\" href=\"https:\/\/mimosaflour.com\/index.php\/contact\/\">\n\t\t\t\t\t\t<span class=\"elementor-button-content-wrapper\">\n\t\t\t\t\t\t\t\t\t<span class=\"elementor-button-text\">Cliquez ici<\/span>\n\t\t\t\t\t<\/span>\n\t\t\t\t\t<\/a>\n\t\t<\/div>\n\t\t\t\t<\/div>\n\t\t\t\t<\/div>\n\t\t\t\t\t<\/div>\n\t\t\t\t<\/div>\n\t\t<div class=\"elementor-element elementor-element-32d9ba2 e-flex e-con-boxed e-con e-parent\" data-id=\"32d9ba2\" data-element_type=\"container\" data-settings=\"{&quot;background_background&quot;:&quot;classic&quot;,&quot;shape_divider_top&quot;:&quot;opacity-tilt&quot;}\">\n\t\t\t\t\t<div class=\"e-con-inner\">\n\t\t\t\t<div class=\"elementor-shape elementor-shape-top\" data-negative=\"false\">\n\t\t\t<svg xmlns=\"http:\/\/www.w3.org\/2000\/svg\" viewBox=\"0 0 2600 131.1\" preserveAspectRatio=\"none\">\n\t<path class=\"elementor-shape-fill\" d=\"M0 0L2600 0 2600 69.1 0 0z\"\/>\n\t<path class=\"elementor-shape-fill\" style=\"opacity:0.5\" d=\"M0 0L2600 0 2600 69.1 0 69.1z\"\/>\n\t<path class=\"elementor-shape-fill\" style=\"opacity:0.25\" d=\"M2600 0L0 0 0 130.1 2600 69.1z\"\/>\n<\/svg>\t\t<\/div>\n\t\t<div class=\"elementor-element elementor-element-01e43d3 e-con-full e-flex e-con e-child\" data-id=\"01e43d3\" data-element_type=\"container\">\n\t\t\t\t<div class=\"elementor-element elementor-element-572b822 elementor-hidden-mobile elementor-widget elementor-widget-image\" data-id=\"572b822\" data-element_type=\"widget\" data-widget_type=\"image.default\">\n\t\t\t\t<div class=\"elementor-widget-container\">\n\t\t\t\t\t\t\t\t\t\t\t\t\t<img decoding=\"async\" width=\"300\" height=\"199\" src=\"https:\/\/mimosaflour.com\/wp-content\/uploads\/2024\/06\/pexels-life-of-pix-9095-300x199-1.jpg\" class=\"attachment-large size-large wp-image-190\" alt=\"\" \/>\t\t\t\t\t\t\t\t\t\t\t\t\t<\/div>\n\t\t\t\t<\/div>\n\t\t\t\t<\/div>\n\t\t<div class=\"elementor-element elementor-element-672412a e-con-full e-flex e-con e-child\" data-id=\"672412a\" data-element_type=\"container\">\n\t\t\t\t<div class=\"elementor-element elementor-element-e085e10 elementor-hidden-mobile elementor-widget elementor-widget-image\" data-id=\"e085e10\" data-element_type=\"widget\" data-widget_type=\"image.default\">\n\t\t\t\t<div class=\"elementor-widget-container\">\n\t\t\t\t\t\t\t\t\t\t\t\t\t<img loading=\"lazy\" decoding=\"async\" width=\"300\" height=\"200\" src=\"https:\/\/mimosaflour.com\/wp-content\/uploads\/2024\/06\/pexels-juan-pablo-serrano-arenas-1047326-1-300x200-2.jpg\" class=\"attachment-large size-large wp-image-189\" alt=\"\" \/>\t\t\t\t\t\t\t\t\t\t\t\t\t<\/div>\n\t\t\t\t<\/div>\n\t\t\t\t<\/div>\n\t\t<div class=\"elementor-element elementor-element-b43001a e-con-full e-flex e-con e-child\" data-id=\"b43001a\" data-element_type=\"container\">\n\t\t\t\t<div class=\"elementor-element elementor-element-123d028 elementor-hidden-mobile elementor-widget elementor-widget-image\" data-id=\"123d028\" data-element_type=\"widget\" data-widget_type=\"image.default\">\n\t\t\t\t<div class=\"elementor-widget-container\">\n\t\t\t\t\t\t\t\t\t\t\t\t\t<img loading=\"lazy\" decoding=\"async\" width=\"300\" height=\"200\" src=\"https:\/\/mimosaflour.com\/wp-content\/uploads\/2024\/06\/pexels-vaibhav-jadhav-3218467-300x200-1.jpg\" class=\"attachment-large size-large wp-image-191\" alt=\"\" \/>\t\t\t\t\t\t\t\t\t\t\t\t\t<\/div>\n\t\t\t\t<\/div>\n\t\t\t\t<\/div>\n\t\t<div class=\"elementor-element elementor-element-7114014 e-con-full e-flex e-con e-child\" data-id=\"7114014\" data-element_type=\"container\">\n\t\t\t\t<div class=\"elementor-element elementor-element-e299b41 elementor-widget elementor-widget-heading\" data-id=\"e299b41\" data-element_type=\"widget\" data-widget_type=\"heading.default\">\n\t\t\t\t<div class=\"elementor-widget-container\">\n\t\t\t<h2 class=\"elementor-heading-title elementor-size-default\">Une bonne farine est la base essentielle pour obtenir des produits de boulangerie de qualit\u00e9 sup\u00e9rieure. Elle influence la texture, la saveur et la couleur du pain, des p\u00e2tisseries et d'autres produits de boulangerie. Une farine de haute qualit\u00e9 contribue \u00e0 des r\u00e9sultats constants et d\u00e9licieux.<\/h2>\t\t<\/div>\n\t\t\t\t<\/div>\n\t\t\t\t<\/div>\n\t\t<div class=\"elementor-element elementor-element-42f7df0 e-con-full e-flex e-con e-child\" data-id=\"42f7df0\" data-element_type=\"container\">\n\t\t\t\t<div class=\"elementor-element elementor-element-331c500 elementor-widget elementor-widget-heading\" data-id=\"331c500\" data-element_type=\"widget\" data-widget_type=\"heading.default\">\n\t\t\t\t<div class=\"elementor-widget-container\">\n\t\t\t<h2 class=\"elementor-heading-title elementor-size-default\">Des produits de boulangerie de haute qualit\u00e9, obtenus gr\u00e2ce \u00e0 une bonne farine, augmentent la satisfaction client. La qualit\u00e9 des ingr\u00e9dients est souvent un crit\u00e8re d\u00e9terminant pour les clients exigeants \u00e0 la recherche d'une exp\u00e9rience gustative exceptionnelle.<\/h2>\t\t<\/div>\n\t\t\t\t<\/div>\n\t\t\t\t<\/div>\n\t\t<div class=\"elementor-element elementor-element-0e38107 e-con-full e-flex e-con e-child\" data-id=\"0e38107\" data-element_type=\"container\">\n\t\t\t\t<div class=\"elementor-element elementor-element-bc06232 elementor-widget elementor-widget-heading\" data-id=\"bc06232\" data-element_type=\"widget\" data-widget_type=\"heading.default\">\n\t\t\t\t<div class=\"elementor-widget-container\">\n\t\t\t<h2 class=\"elementor-heading-title elementor-size-default\">La capacit\u00e9 de la p\u00e2te \u00e0 lever correctement d\u00e9pend en grande partie de la qualit\u00e9 de la farine. Une farine de qualit\u00e9 fournit les prot\u00e9ines n\u00e9cessaires pour d\u00e9velopper le r\u00e9seau de gluten, favorisant ainsi la lev\u00e9e et la fermentation appropri\u00e9es de la p\u00e2te.<\/h2>\t\t<\/div>\n\t\t\t\t<\/div>\n\t\t\t\t<\/div>\n\t\t\t\t\t<\/div>\n\t\t\t\t<\/div>\n\t\t<div class=\"elementor-element elementor-element-2c43c57 e-flex e-con-boxed e-con e-parent\" data-id=\"2c43c57\" data-element_type=\"container\" data-settings=\"{&quot;background_background&quot;:&quot;classic&quot;}\">\n\t\t\t\t\t<div class=\"e-con-inner\">\n\t\t\t\t<div class=\"elementor-element elementor-element-0afb021 elementor-widget elementor-widget-heading\" data-id=\"0afb021\" data-element_type=\"widget\" data-widget_type=\"heading.default\">\n\t\t\t\t<div class=\"elementor-widget-container\">\n\t\t\t<h2 class=\"elementor-heading-title elementor-size-default\">FONDATEUR MR TSHOUONGANG ELIE SAKER<\/h2>\t\t<\/div>\n\t\t\t\t<\/div>\n\t\t\t\t\t<\/div>\n\t\t\t\t<\/div>\n\t\t<div class=\"elementor-element elementor-element-ccff309 e-flex e-con-boxed e-con e-parent\" data-id=\"ccff309\" data-element_type=\"container\">\n\t\t\t\t\t<div class=\"e-con-inner\">\n\t\t<div class=\"elementor-element elementor-element-bdb7c03 e-con-full e-flex e-con e-child\" data-id=\"bdb7c03\" data-element_type=\"container\">\n\t\t\t\t<div class=\"elementor-element elementor-element-0ebf345 elementor-widget elementor-widget-image\" data-id=\"0ebf345\" data-element_type=\"widget\" data-widget_type=\"image.default\">\n\t\t\t\t<div class=\"elementor-widget-container\">\n\t\t\t\t\t\t\t\t\t\t\t\t\t<img loading=\"lazy\" decoding=\"async\" width=\"120\" height=\"300\" src=\"https:\/\/mimosaflour.com\/wp-content\/uploads\/2024\/06\/IMG-20231121-WA0017-410x1024-1-120x300.jpg\" class=\"attachment-medium size-medium wp-image-209\" alt=\"\" srcset=\"https:\/\/mimosaflour.com\/wp-content\/uploads\/2024\/06\/IMG-20231121-WA0017-410x1024-1-120x300.jpg 120w, https:\/\/mimosaflour.com\/wp-content\/uploads\/2024\/06\/IMG-20231121-WA0017-410x1024-1.jpg 410w\" sizes=\"(max-width: 120px) 100vw, 120px\" \/>\t\t\t\t\t\t\t\t\t\t\t\t\t<\/div>\n\t\t\t\t<\/div>\n\t\t\t\t<\/div>\n\t\t<div class=\"elementor-element elementor-element-d8dcb95 e-con-full e-flex e-con e-child\" data-id=\"d8dcb95\" data-element_type=\"container\" data-settings=\"{&quot;background_background&quot;:&quot;classic&quot;}\">\n\t\t\t\t<div class=\"elementor-element elementor-element-9771a45 elementor-widget elementor-widget-text-editor\" data-id=\"9771a45\" data-element_type=\"widget\" data-widget_type=\"text-editor.default\">\n\t\t\t\t<div class=\"elementor-widget-container\">\n\t\t\t\t\t\t\t<p>C\u2019est l\u2019image d\u2019un entrepreneur \u00e0 succ\u00e8s, un self made-man, qui au bout des ann\u00e9es de travail d\u00e9vou\u00e9 et acharn\u00e9, motiv\u00e9 par la d\u00e9votion de b\u00e2tir des entreprises pour cr\u00e9er des emplois, a voulu rompre avec la monotonie et s\u2019inscrire dans l\u2019\u00e8re des nouvelles technologies. Inspir\u00e9 par l\u2019appel du chef de l\u2019\u00c9tat S.E Paul Biya, qui conscient de l\u2019immense chantier de restructuration du Cameroun, invitait les entrepreneurs locaux \u00e0 participer \u00e0 l\u2019effort du d\u00e9veloppement. C\u2019est la gen\u00e8se d\u2019un r\u00eave, le d\u00e9clic d\u2019une ambition, la cuisante pens\u00e9e d\u2019accompagner le Cameroun et l\u2019Afrique vers l\u2019\u00e9mergence, et de cette fusion est n\u00e9 MIMOSA SARL. \u200b<\/p>\t\t\t\t\t\t<\/div>\n\t\t\t\t<\/div>\n\t\t\t\t<\/div>\n\t\t\t\t\t<\/div>\n\t\t\t\t<\/div>\n\t\t<div class=\"elementor-element elementor-element-093cd4a e-flex e-con-boxed e-con e-parent\" data-id=\"093cd4a\" data-element_type=\"container\" data-settings=\"{&quot;background_background&quot;:&quot;classic&quot;}\">\n\t\t\t\t\t<div class=\"e-con-inner\">\n\t\t\t\t<div class=\"elementor-element elementor-element-05a2b3a elementor-widget elementor-widget-heading\" data-id=\"05a2b3a\" data-element_type=\"widget\" data-widget_type=\"heading.default\">\n\t\t\t\t<div class=\"elementor-widget-container\">\n\t\t\t<h2 class=\"elementor-heading-title elementor-size-default\">Directeur G\u00e9n\u00e9ral \u200b<\/h2>\t\t<\/div>\n\t\t\t\t<\/div>\n\t\t\t\t\t<\/div>\n\t\t\t\t<\/div>\n\t\t<div class=\"elementor-element elementor-element-0667290 e-flex e-con-boxed e-con e-parent\" data-id=\"0667290\" data-element_type=\"container\">\n\t\t\t\t\t<div class=\"e-con-inner\">\n\t\t<div class=\"elementor-element elementor-element-2051572 e-con-full e-flex e-con e-child\" data-id=\"2051572\" data-element_type=\"container\" data-settings=\"{&quot;background_background&quot;:&quot;classic&quot;}\">\n\t\t\t\t<div class=\"elementor-element elementor-element-8e29512 elementor-widget elementor-widget-text-editor\" data-id=\"8e29512\" data-element_type=\"widget\" data-widget_type=\"text-editor.default\">\n\t\t\t\t<div class=\"elementor-widget-container\">\n\t\t\t\t\t\t\t<p>Olivier ATINBOP TSHOUONGANG, n\u00e9 le 25 Avril 1980 \u00e0 Galim, est le deuxi\u00e8me Directeur g\u00e9n\u00e9ral depuis la cr\u00e9ation de la MIMOSA. Ayant fait presque toute sa carri\u00e8re au sein des banques internationales en France et en Suisse, o\u00f9 il occupait jusqu&rsquo;alors les postes de directeur de projets, il retourne d\u00e9finitivement au Cameroun, son pays natal pour reprendre les r\u00eanes de la soci\u00e9t\u00e9 de la MIMOSA.<\/p>\t\t\t\t\t\t<\/div>\n\t\t\t\t<\/div>\n\t\t\t\t<\/div>\n\t\t<div class=\"elementor-element elementor-element-89989ec e-con-full e-flex e-con e-child\" data-id=\"89989ec\" data-element_type=\"container\">\n\t\t\t\t<div class=\"elementor-element elementor-element-3d3d3d6 elementor-widget elementor-widget-image\" data-id=\"3d3d3d6\" data-element_type=\"widget\" data-widget_type=\"image.default\">\n\t\t\t\t<div class=\"elementor-widget-container\">\n\t\t\t\t\t\t\t\t\t\t\t\t\t<img loading=\"lazy\" decoding=\"async\" width=\"300\" height=\"292\" src=\"https:\/\/mimosaflour.com\/wp-content\/uploads\/2024\/06\/80611a00-ac9b-4e66-806e-99371c7cd224_e98acfaf-f56e-436d-89b4-443439a21013_emp-720x700-1-300x292.jpg\" class=\"attachment-medium size-medium wp-image-210\" alt=\"\" srcset=\"https:\/\/mimosaflour.com\/wp-content\/uploads\/2024\/06\/80611a00-ac9b-4e66-806e-99371c7cd224_e98acfaf-f56e-436d-89b4-443439a21013_emp-720x700-1-300x292.jpg 300w, https:\/\/mimosaflour.com\/wp-content\/uploads\/2024\/06\/80611a00-ac9b-4e66-806e-99371c7cd224_e98acfaf-f56e-436d-89b4-443439a21013_emp-720x700-1.jpg 720w\" sizes=\"(max-width: 300px) 100vw, 300px\" \/>\t\t\t\t\t\t\t\t\t\t\t\t\t<\/div>\n\t\t\t\t<\/div>\n\t\t\t\t<\/div>\n\t\t\t\t\t<\/div>\n\t\t\t\t<\/div>\n\t\t<div class=\"elementor-element elementor-element-d057e0e e-flex e-con-boxed e-con e-parent\" data-id=\"d057e0e\" data-element_type=\"container\">\n\t\t\t\t\t<div class=\"e-con-inner\">\n\t\t<div class=\"elementor-element elementor-element-6118e20 e-con-full e-flex e-con e-child\" data-id=\"6118e20\" data-element_type=\"container\" data-settings=\"{&quot;background_background&quot;:&quot;video&quot;}\">\n\t\t\t\t<div class=\"elementor-element elementor-element-2f4b973 elementor-widget elementor-widget-video\" data-id=\"2f4b973\" data-element_type=\"widget\" data-settings=\"{&quot;video_type&quot;:&quot;hosted&quot;,&quot;autoplay&quot;:&quot;yes&quot;,&quot;controls&quot;:&quot;yes&quot;}\" data-widget_type=\"video.default\">\n\t\t\t\t<div class=\"elementor-widget-container\">\n\t\t\t\t\t<div class=\"e-hosted-video elementor-wrapper elementor-open-inline\">\n\t\t\t\t\t<video class=\"elementor-video\" src=\"https:\/\/mimosaflour.com\/wp-content\/uploads\/2024\/07\/avc_PUBLI-REPORTAGE_MINOTERIE-MODERNE-SAKERSA-TOURNE_24-11-2021.flv\" autoplay=\"\" controls=\"\" controlsList=\"nodownload\"><\/video>\n\t\t\t\t<\/div>\n\t\t\t\t<\/div>\n\t\t\t\t<\/div>\n\t\t\t\t<\/div>\n\t\t\t\t\t<\/div>\n\t\t\t\t<\/div>\n\t\t\t\t<\/div>\n\t\t","protected":false},"excerpt":{"rendered":"<p>HISTORIQUE Depuis sa cr\u00e9ation en Mai 2019, par le visionnaire TSHOUONGANG Elie Saker, MIMOSA est guid\u00e9e par l\u2019excellence boulang\u00e8re et la volont\u00e9 de fabriquer des farines de qualit\u00e9s adapt\u00e9es aux traditions alimentaires locales. Depuis lors, elle a su cultiver sans rel\u00e2che son amour pour le bon, le beau, le sain, tout en restant actrice des&#8230;<\/p>\n","protected":false},"author":1,"featured_media":0,"parent":0,"menu_order":0,"comment_status":"closed","ping_status":"closed","template":"","meta":{"_kad_post_transparent":"","_kad_post_title":"hide","_kad_post_layout":"fullwidth","_kad_post_sidebar_id":"","_kad_post_content_style":"unboxed","_kad_post_vertical_padding":"hide","_kad_post_feature":"hide","_kad_post_feature_position":"","_kad_post_header":false,"_kad_post_footer":false,"footnotes":""},"class_list":["post-41","page","type-page","status-publish","hentry"],"_links":{"self":[{"href":"https:\/\/mimosaflour.com\/index.php\/wp-json\/wp\/v2\/pages\/41","targetHints":{"allow":["GET"]}}],"collection":[{"href":"https:\/\/mimosaflour.com\/index.php\/wp-json\/wp\/v2\/pages"}],"about":[{"href":"https:\/\/mimosaflour.com\/index.php\/wp-json\/wp\/v2\/types\/page"}],"author":[{"embeddable":true,"href":"https:\/\/mimosaflour.com\/index.php\/wp-json\/wp\/v2\/users\/1"}],"replies":[{"embeddable":true,"href":"https:\/\/mimosaflour.com\/index.php\/wp-json\/wp\/v2\/comments?post=41"}],"version-history":[{"count":74,"href":"https:\/\/mimosaflour.com\/index.php\/wp-json\/wp\/v2\/pages\/41\/revisions"}],"predecessor-version":[{"id":649,"href":"https:\/\/mimosaflour.com\/index.php\/wp-json\/wp\/v2\/pages\/41\/revisions\/649"}],"wp:attachment":[{"href":"https:\/\/mimosaflour.com\/index.php\/wp-json\/wp\/v2\/media?parent=41"}],"curies":[{"name":"wp","href":"https:\/\/api.w.org\/{rel}","templated":true}]}}